{"id":57,"date":"2016-01-24T22:13:46","date_gmt":"2016-01-24T21:13:46","guid":{"rendered":"http:\/\/profinanz-capitalpartners.de\/\/en\/?page_id=57"},"modified":"2025-02-25T15:18:36","modified_gmt":"2025-02-25T14:18:36","slug":"privacy-policy","status":"publish","type":"page","link":"https:\/\/profinanz-capitalpartners.de\/en\/privacy-policy\/","title":{"rendered":"Privacy Policy"},"content":{"rendered":"\t\t<div data-elementor-type=\"wp-page\" data-elementor-id=\"57\" class=\"elementor elementor-57\" data-elementor-post-type=\"page\">\n\t\t\t\t\t\t<section class=\"elementor-section elementor-top-section elementor-element elementor-element-585bbc55 elementor-section-boxed elementor-section-height-default elementor-section-height-default\" data-id=\"585bbc55\" data-element_type=\"section\" data-e-type=\"section\">\n\t\t\t\t\t\t<div class=\"elementor-container elementor-column-gap-default\">\n\t\t\t\t\t<div class=\"elementor-column elementor-col-100 elementor-top-column elementor-element elementor-element-7c6b815a\" data-id=\"7c6b815a\" data-element_type=\"column\" data-e-type=\"column\">\n\t\t\t<div class=\"elementor-widget-wrap elementor-element-populated\">\n\t\t\t\t\t\t<div class=\"elementor-element elementor-element-5a3cebe4 elementor-widget elementor-widget-text-editor\" data-id=\"5a3cebe4\" data-element_type=\"widget\" data-e-type=\"widget\" data-widget_type=\"text-editor.default\">\n\t\t\t\t<div class=\"elementor-widget-container\">\n\t\t\t\t\t\t\t\t\t<p><\/p>\n<p><\/p>\n<h3 style=\"text-align: center;\">Privacy Policy<\/h3>\n<p><\/p>\n<p>The operators of Profinanz Capital Partners GmbH take the protection of private data seriously. The special consideration of privacy in the processing of personal data is an important concern.<\/p>\n<h3>1. name and address of the responsible person<\/h3>\n<p>The responsible person within the meaning of the General Data Protection Regulation and other national data protection laws of the member states as well as other data protection regulations is the<\/p>\n<p>Profinanz Capital Partners GmbH<\/p>\n<p>Erika-K\u00f6th-Stra\u00dfe 5a, 85598 Munich, Germany<\/p>\n<p>Telephone: +49 (0) 89 20 000 800<\/p>\n<p>Fax: +49 (0) 89 20 000 899<\/p>\n<p>Website: www.profinanz-capitalpartners.de<\/p>\n<p>E-mail: info@profinanz-capitalpartners.de<\/p>\n<p>2 General information on data processing<\/p>\n<p>2.1 Scope of the processing of personal data<\/p>\n<p>As a matter of principle, we process personal data of our users only insofar as this is necessary for the provision of a functional website as well as our contents and services. The processing of personal data of our users is regularly only carried out with the consent of the user. An exception applies in those cases in which it is not possible to obtain prior consent for actual reasons and the processing of the data is permitted by legal regulations.<\/p>\n<p>2.2 Legal basis for the processing of personal data<\/p>\n<p>Insofar as we obtain the consent of the data subject for processing operations of personal data, Article 6 (1) lit. a of the EU General Data Protection Regulation (DSGVO) serves as the legal basis. When processing personal data that is necessary for the performance of a contract to which the data subject is a party, Art. 6 (1) (b) DSGVO serves as the legal basis. This also applies to processing operations that are necessary for the performance of pre-contractual measures. Insofar as the processing of personal data is necessary for the fulfilment of a legal obligation to which our company is subject, Art. 6 (1) c DSGVO serves as the legal basis. In the event that vital interests of the data subject or another natural person make processing of personal data necessary, Art. 6 (1) (d) DSGVO serves as the legal basis. If the processing is necessary to protect a legitimate interest of our company or a third party and the interests, fundamental rights and freedoms of the data subject do not outweigh the first-mentioned interest, Art. 6 (1) lit. f DSGVO serves as the legal basis for the processing.<\/p>\n<p>2.3 Data deletion and storage period<\/p>\n<p>The personal data of the data subject will be deleted or blocked as soon as the purpose of the storage no longer applies. Storage may also take place if this has been provided for by the European or national legislator in Union regulations, laws or other provisions to which the controller is subject. The data will also be blocked or deleted if a storage period prescribed by the aforementioned standards expires, unless there is a necessity for the continued storage of the data for the conclusion or fulfilment of a contract.<\/p>\n<p><strong>3. Bereitstellung der Website und Erstellung von Logfiles<\/strong><\/p>\n<p><strong>3.1. Beschreibung und Umfang der Datenverarbeitung<\/strong><\/p>\n<p>Bei jedem Aufruf unserer Internetseite erfasst unser System automatisiert Daten und Informationen vom Computersystem des aufrufenden Rechners. Folgende Daten werden hierbei erhoben:<\/p>\n<ul>\n<li>Informationen \u00fcber den Browsertyp und die verwendete Version<\/li>\n<li>Das Betriebssystem des Nutzers<\/li>\n<li>Den Internet-Service-Provider des Nutzers<\/li>\n<li>Die IP-Adresse des Nutzers<\/li>\n<li>Datum und Uhrzeit des Zugriffs<\/li>\n<li>Websites, von denen das System des Nutzers auf unsere Internetseite gelangt<\/li>\n<li>Websites, die vom System des Nutzers \u00fcber unsere Website aufgerufen werden<\/li>\n<\/ul>\n<p>Die Daten werden ebenfalls in den Logfiles unseres Systems gespeichert. Eine Speicherung dieser Daten zusammen mit anderen personenbezogenen Daten des Nutzers findet nicht statt.<\/p>\n<p><strong>3.2. Rechtsgrundlage f\u00fcr die Datenverarbeitung<\/strong><\/p>\n<p>Rechtsgrundlage f\u00fcr die vor\u00fcbergehende Speicherung der Daten und der Logfiles ist Art.&nbsp;6 Abs.&nbsp;1 lit.&nbsp;f DSGVO.<\/p>\n<p><strong>3.3. Zweck der Datenverarbeitung<\/strong><\/p>\n<p>Die vor\u00fcbergehende Speicherung der IP-Adresse durch das System ist notwendig, um eine Auslieferung der Website an den Rechner des Nutzers zu erm\u00f6glichen. Hierf\u00fcr muss die IP-Adresse des Nutzers f\u00fcr die Dauer der Sitzung gespeichert bleiben. Die Speicherung in Logfiles erfolgt, um die Funktionsf\u00e4higkeit der Website sicherzustellen. Zudem dienen uns die Daten zur Optimierung der Website und zur Sicherstellung der Sicherheit unserer informationstechnischen Systeme. Eine Auswertung der Daten zu Marketingzwecken findet in diesem Zusammenhang nicht statt. Zu diesen Zwecken liegt auch unser berechtigtes Interesse an der Datenverarbeitung nach Art.&nbsp;6 Abs.&nbsp;1 lit.&nbsp;f DSGVO.<\/p>\n<p><strong>3.4. Dauer der Speicherung<\/strong><\/p>\n<p>Die Daten werden gel\u00f6scht, sobald sie f\u00fcr die Erreichung des Zweckes ihrer Erhebung nicht mehr erforderlich sind. Im Falle der Erfassung der Daten zur Bereitstellung der Website ist dies der Fall, wenn die jeweilige Sitzung beendet ist. Im Falle der Speicherung der Daten in Logfiles ist dies nach sp\u00e4testens sieben Tagen der Fall. Eine dar\u00fcberhinausgehende Speicherung ist m\u00f6glich. In diesem Fall werden die IP-Adressen der Nutzer gel\u00f6scht oder verfremdet, sodass eine Zuordnung des aufrufenden Clients nicht mehr m\u00f6glich ist.<\/p>\n<p><strong>3.5. Widerspruchs- und Beseitigungsm\u00f6glichkeit<\/strong><\/p>\n<p>Die Erfassung der Daten zur Bereitstellung der Website und die Speicherung der Daten in Logfiles ist f\u00fcr den Betrieb der Internetseite zwingend erforderlich. Es besteht folglich seitens des Nutzers keine Widerspruchsm\u00f6glichkeit.<\/p>\n<p><strong>4. Verwendung von Cookies<\/strong><\/p>\n<p><strong>a) Beschreibung und Umfang der Datenverarbeitung<\/strong><\/p>\n<p>Unsere Webseite verwendet Cookies. Bei Cookies handelt es sich um Textdateien, die im Internetbrowser bzw. vom Internetbrowser auf dem Computersystem des Nutzers gespeichert werden. Ruft ein Nutzer eine Website auf, so kann ein Cookie auf dem Betriebssystem des Nutzers gespeichert werden. Dieser Cookie enth\u00e4lt eine charakteristische Zeichenfolge, die eine eindeutige Identifizierung des Browsers beim erneuten Aufrufen der Website erm\u00f6glicht. Wir setzen Cookies ein, um unsere Website nutzerfreundlicher zu gestalten. Einige Elemente unserer Internetseite erfordern es, dass der aufrufende Browser auch nach einem Seitenwechsel identifiziert werden kann. In den Cookies werden dabei folgende Daten gespeichert und \u00fcbermittelt:<\/p>\n<ul>\n<li>Spracheinstellungen<\/li>\n<\/ul>\n<p><strong>b) Zweck der Datenverarbeitung<\/strong><\/p>\n<p>Der Zweck der Verwendung technisch notwendiger Cookies ist, die Nutzung von Websites f\u00fcr die Nutzer zu vereinfachen. Einige Funktionen unserer Internetseite k\u00f6nnen ohne den Einsatz von Cookies nicht angeboten werden. F\u00fcr diese ist es erforderlich, dass der Browser auch nach einem Seitenwechsel wiedererkannt wird. F\u00fcr folgende Anwendungen ben\u00f6tigen wir Cookies:<\/p>\n<ul>\n<li>\u00dcbernahme von Spracheinstellungen<\/li>\n<\/ul>\n<p>Die durch technisch notwendige Cookies erhobenen Nutzerdaten werden nicht zur Erstellung von Nutzerprofilen verwendet. In diesen Zwecken liegt auch unser berechtigtes Interesse in der Verarbeitung der personenbezogenen Daten nach Art.&nbsp;6 Abs.&nbsp;1 lit.&nbsp;f DSGVO.<\/p>\n<p><strong>c) Dauer der Speicherung, Widerspruchs- und Beseitigungsm\u00f6glichkeit<\/strong><\/p>\n<p>Cookies werden auf dem Rechner des Nutzers gespeichert und von diesem an unserer Seite \u00fcbermittelt. Daher haben Sie als Nutzer auch die volle Kontrolle \u00fcber die Verwendung von Cookies. Durch eine \u00c4nderung der Einstellungen in Ihrem Internetbrowser k\u00f6nnen Sie die \u00dcbertragung von Cookies deaktivieren oder einschr\u00e4nken. Bereits gespeicherte Cookies k\u00f6nnen jederzeit gel\u00f6scht werden. Dies kann auch automatisiert erfolgen. Werden Cookies f\u00fcr unsere Website deaktiviert, k\u00f6nnen m\u00f6glicherweise nicht mehr alle Funktionen der Website vollumf\u00e4nglich genutzt werden. Die \u00dcbermittlung von Flash-Cookies l\u00e4sst sich nicht \u00fcber die Einstellungen des Browsers, jedoch durch \u00c4nderungen der Einstellung des Flash Players unterbinden.<\/p>\n<p><strong>5. E-Mail<\/strong><\/p>\n<p><strong>5.1. Beschreibung und Umfang der Datenverarbeitung<\/strong><\/p>\n<p>Eine Kontaktaufnahme \u00fcber die bereitgestellte E-Mail-Adresse ist m\u00f6glich. In diesem Fall werden die mit der E-Mail \u00fcbermittelten personenbezogenen Daten des Nutzers gespeichert. Es erfolgt in diesem Zusammenhang keine Weitergabe der Daten an Dritte. Die Daten werden ausschlie\u00dflich f\u00fcr die Verarbeitung der Konversation verwendet.<\/p>\n<p><strong>5.2. Rechtsgrundlage f\u00fcr die Datenverarbeitung<\/strong><\/p>\n<p>Rechtsgrundlage f\u00fcr die Verarbeitung der Daten ist bei Vorliegen einer Einwilligung des Nutzers Art.&nbsp;6 Abs.&nbsp;1 lit.&nbsp;a DSGVO. Rechtsgrundlage f\u00fcr die Verarbeitung der Daten, die im Zuge einer \u00dcbersendung einer E-Mail \u00fcbermittelt werden, ist Art.&nbsp;6 Abs.&nbsp;1 lit.&nbsp;f DSGVO. Zielt der E-Mail-Kontakt auf den Abschluss eines Vertrages ab, so ist zus\u00e4tzliche Rechtsgrundlage f\u00fcr die Verarbeitung Art.&nbsp;6 Abs.&nbsp;1 lit.&nbsp;b DSGVO.<\/p>\n<p><strong>5.3. Dauer der Speicherung<\/strong><\/p>\n<p>Die Daten werden gel\u00f6scht, sobald sie f\u00fcr die Erreichung des Zweckes ihrer Erhebung nicht mehr erforderlich sind. F\u00fcr die personenbezogenen Daten aus der Eingabemaske des Kontaktformulars und diejenigen, die per E-Mail \u00fcbersandt wurden, ist dies dann der Fall, wenn die jeweilige Konversation mit dem Nutzer beendet ist. Beendet ist die Konversation dann, wenn sich aus den Umst\u00e4nden entnehmen l\u00e4sst, dass der betroffene Sachverhalt abschlie\u00dfend gekl\u00e4rt ist. Die w\u00e4hrend des Absendevorgangs zus\u00e4tzlich erhobenen personenbezogenen Daten werden sp\u00e4testens nach einer Frist von sieben Tagen gel\u00f6scht.<\/p>\n<p><strong>5.4. Widerspruchs- und Beseitigungsm\u00f6glichkeit<\/strong><\/p>\n<p>Der Nutzer hat jederzeit die M\u00f6glichkeit, seine Einwilligung zur Verarbeitung der personenbezogenen Daten zu widerrufen. Nimmt der Nutzer per E-Mail Kontakt mit uns auf, so kann er der Speicherung seiner personenbezogenen Daten jederzeit widersprechen.<\/p>\n<p>Sie erhalten jederzeit ohne Angabe von Gr\u00fcnden kostenfrei Auskunft \u00fcber Ihre bei uns \u00fcber die Homepage gespeicherten Daten. Sie k\u00f6nnen jederzeit Ihre bei uns \u00fcber die Homepage erhobenen Daten sperren, berichtigen oder l\u00f6schen lassen. Sie k\u00f6nnen der Verwendung der zuvor beschrieben Daten auch jederzeit widersprechen, indem Sie uns eine Email an <strong><a href=\"mailto:lisa.biler@profinanz-capitalpartners.de\">lisa.biler@profinanz-capitalpartners.de<\/a><\/strong> oder ein Telefax an 089 \/ 20 000899 senden. Wir stehen Ihnen jederzeit gern f\u00fcr weitergehende Fragen zu unserem Hinweisen zum Datenschutz und zur Verarbeitung Ihrer pers\u00f6nlichen Daten zur Verf\u00fcgung.<\/p>\n<p><em>&nbsp;<\/em>Alle personenbezogenen Daten, die im Zuge der Kontaktaufnahme gespeichert wurden, werden in diesem Fall gel\u00f6scht.<\/p>\n<p><strong>6. Rechte der betroffenen Person<\/strong><\/p>\n<p><strong>6.1. Recht auf Auskunft, Berichtigung, L\u00f6schung, Einschr\u00e4nkung und \u00dcbertragung<\/strong><\/p>\n<p>Bei Vorliegen der gesetzlichen Voraussetzungen haben Sie das Recht, bei uns Auskunft \u00fcber Sie betreffende personenbezogene Daten bzw. Datenverarbeitungen (Art. 15 DSGVO), Berichtigung, L\u00f6schung und Einschr\u00e4nkung Sie betreffender personenbezogener Daten bzw. Datenverarbeitungen (Art. 16 bis 18 DSGVO) und \u00dcbertragung Sie betreffender personenbezogener Daten (Art. 20 DSGVO) zu verlangen.<\/p>\n<p><strong>6.2. Recht auf Widerruf<\/strong><\/p>\n<p>Au\u00dferdem steht Ihnen bei Vorliegen der gesetzlichen Voraussetzungen nach Art. 21 DSGVO ein Widerspruchsrecht gegen Datenverarbeitungen zu, die auf einem \u201eberechtigten Interesse\u201c des Verantwortlichen gem\u00e4\u00df Art. 6 Abs. 1 lit. f) DSGVO beruhen. Sie haben das Recht, Ihre datenschutzrechtliche Einwilligungserkl\u00e4rung jederzeit zu widerrufen. Durch den Widerruf der Einwilligung wird die Rechtm\u00e4\u00dfigkeit der aufgrund der Einwilligung bis zum Widerruf erfolgten Verarbeitung nicht ber\u00fchrt.<\/p>\n<p><strong>6.3. Automatisierte Entscheidung im Einzelfall einschlie\u00dflich Profiling<\/strong><\/p>\n<p>Sie haben das Recht, nicht einer ausschlie\u00dflich auf einer automatisierten Verarbeitung \u2013 einschlie\u00dflich Profiling \u2013 beruhenden Entscheidung unterworfen zu werden, die Ihnen gegen\u00fcber rechtliche Wirkung entfaltet oder Sie in \u00e4hnlicher Weise erheblich beeintr\u00e4chtigt. Dies gilt nicht, wenn die Entscheidung<\/p>\n<p>(1)&nbsp;&nbsp;&nbsp;&nbsp;&nbsp;&nbsp;&nbsp; f\u00fcr den Abschluss oder die Erf\u00fcllung eines Vertrags zwischen Ihnen und dem Verantwortlichen erforderlich ist,<\/p>\n<p>(2)&nbsp;&nbsp;&nbsp;&nbsp;&nbsp;&nbsp;&nbsp; aufgrund von Rechtsvorschriften der Union oder der Mitgliedstaaten, denen der Verantwortliche unterliegt, zul\u00e4ssig ist und diese Rechtsvorschriften angemessene Ma\u00dfnahmen zur Wahrung Ihrer Rechte und Freiheiten sowie Ihrer berechtigten Interessen enthalten oder<\/p>\n<p>(3)&nbsp;&nbsp;&nbsp;&nbsp;&nbsp;&nbsp;&nbsp; mit Ihrer ausdr\u00fccklichen Einwilligung erfolgt.<\/p>\n<p>Allerdings d\u00fcrfen diese Entscheidungen nicht auf besonderen Kategorien personenbezogener Daten nach Art. 9 Abs. 1 DSGVO beruhen, sofern nicht Art. 9 Abs. 2 lit. a oder g gilt und angemessene Ma\u00dfnahmen zum Schutz der Rechte und Freiheiten sowie Ihrer berechtigten Interessen getroffen wurden. Hinsichtlich der in (1) und (3) genannten F\u00e4lle trifft der Verantwortliche angemessene Ma\u00dfnahmen, um die Rechte und Freiheiten sowie Ihre berechtigten Interessen zu wahren, wozu mindestens das Recht auf Erwirkung des Eingreifens einer Person seitens des Verantwortlichen, auf Darlegung des eigenen Standpunkts und auf Anfechtung der Entscheidung geh\u00f6rt. Zur Aus\u00fcbung all dieser Rechte wenden Sie sich bitte unter der E-Mail-Adresse <strong><a href=\"mailto:lisa.biller@profinanz-capitalpartners.de\">lisa.biller@profinanz-capitalpartners.de<\/a><\/strong> oder der Postanschrift Widenmayerstr. 28, 80538 M\u00fcnchen an uns.<\/p>\n<p><\/p>\n<p><\/p>\t\t\t\t\t\t\t\t<\/div>\n\t\t\t\t<\/div>\n\t\t\t\t\t<\/div>\n\t\t<\/div>\n\t\t\t\t\t<\/div>\n\t\t<\/section>\n\t\t\t\t<\/div>\n\t\t","protected":false},"excerpt":{"rendered":"<p>Privacy Policy The operators of Profinanz Capital Partners GmbH take the protection of private data seriously. The special consideration of privacy in the processing of personal data is an important concern. 1. name and address of the responsible person The responsible person within the meaning of the General Data Protection Regulation and other national data [&hellip;]<\/p>\n","protected":false},"author":1,"featured_media":0,"parent":0,"menu_order":0,"comment_status":"closed","ping_status":"closed","template":"elementor_header_footer","meta":{"footnotes":""},"class_list":["post-57","page","type-page","status-publish","hentry"],"_links":{"self":[{"href":"https:\/\/profinanz-capitalpartners.de\/en\/wp-json\/wp\/v2\/pages\/57","targetHints":{"allow":["GET"]}}],"collection":[{"href":"https:\/\/profinanz-capitalpartners.de\/en\/wp-json\/wp\/v2\/pages"}],"about":[{"href":"https:\/\/profinanz-capitalpartners.de\/en\/wp-json\/wp\/v2\/types\/page"}],"author":[{"embeddable":true,"href":"https:\/\/profinanz-capitalpartners.de\/en\/wp-json\/wp\/v2\/users\/1"}],"replies":[{"embeddable":true,"href":"https:\/\/profinanz-capitalpartners.de\/en\/wp-json\/wp\/v2\/comments?post=57"}],"version-history":[{"count":0,"href":"https:\/\/profinanz-capitalpartners.de\/en\/wp-json\/wp\/v2\/pages\/57\/revisions"}],"wp:attachment":[{"href":"https:\/\/profinanz-capitalpartners.de\/en\/wp-json\/wp\/v2\/media?parent=57"}],"curies":[{"name":"wp","href":"https:\/\/api.w.org\/{rel}","templated":true}]}}