{"id":53,"date":"2016-01-24T20:58:12","date_gmt":"2016-01-24T19:58:12","guid":{"rendered":"http:\/\/profinanz-capitalpartners.de\/\/en\/?page_id=53"},"modified":"2025-02-25T15:23:32","modified_gmt":"2025-02-25T14:23:32","slug":"imprint","status":"publish","type":"page","link":"https:\/\/profinanz-capitalpartners.de\/en\/imprint\/","title":{"rendered":"Imprint"},"content":{"rendered":"\t\t<div data-elementor-type=\"wp-page\" data-elementor-id=\"53\" class=\"elementor elementor-53\" data-elementor-post-type=\"page\">\n\t\t\t\t\t\t<section class=\"elementor-section elementor-top-section elementor-element elementor-element-3655a9c9 elementor-section-boxed elementor-section-height-default elementor-section-height-default\" data-id=\"3655a9c9\" data-element_type=\"section\" data-e-type=\"section\">\n\t\t\t\t\t\t<div class=\"elementor-container elementor-column-gap-default\">\n\t\t\t\t\t<div class=\"elementor-column elementor-col-100 elementor-top-column elementor-element elementor-element-64ab30\" data-id=\"64ab30\" data-element_type=\"column\" data-e-type=\"column\">\n\t\t\t<div class=\"elementor-widget-wrap elementor-element-populated\">\n\t\t\t\t\t\t<div class=\"elementor-element elementor-element-64a7f952 elementor-widget elementor-widget-text-editor\" data-id=\"64a7f952\" data-element_type=\"widget\" data-e-type=\"widget\" data-widget_type=\"text-editor.default\">\n\t\t\t\t<div class=\"elementor-widget-container\">\n\t\t\t\t\t\t\t\t\t<p>\u00a0<\/p>\n<p><strong>Profinanz Capital Partners GmbH<\/strong><br \/>Erika-K\u00f6th-Str. 5a<br \/>85598 Munich<\/p>\n<p><strong>Phone:<\/strong> +49 (0) 89 20 000 800<br \/><strong>Fax:<\/strong> +49 (0) 89 20 000 899<br \/><strong>Website:<\/strong> www.profinanz-capitalpartners.de<br \/><strong>E-Mail:<\/strong> info@profinanz-capitalpartners.de<\/p>\n<p><strong>Manager:<\/strong> Joachim Ofner<br \/>Munich Local Court \u2013 Commercial Register 212342<\/p>\n<p><strong>Registered Office:<\/strong><br \/>Erika-K\u00f6th-Str. 5a<br \/>85598 Baldham<br \/>Tax number: 114\/135\/41176<\/p>\n<p><strong>Bank Account:<\/strong><\/p>\n<p>M\u00fcnchner Bank eG<br \/>IBAN: DE08701900000002068338<br \/>BIC: GENODEF1M01<\/p>\n<p><strong>Competent supervisory authority:<\/strong><\/p>\n<p>IHK f\u00fcr M\u00fcnchen und Oberbayern<br \/>Max-Joseph-Stra\u00dfe 2<br \/>80333 M\u00fcnchen<\/p>\n<p><strong>Copyright information<\/strong><\/p>\n<p>All information on this website is provided as is, without any claim to accuracy, completeness or timeliness.<\/p>\n<p>Unless otherwise expressly stated in this publication, in connection with a particular extract, file or document, anyone is entitled to view, copy, print and distribute this document, subject to the following conditions:<\/p>\n<p>The document may only be used for non-commercial information purposes. Any copy of this document or any part thereof must contain this copyright statement and the copyright protection mark of the operator. The document, any copy of the document or part thereof may not be modified without the written consent of the operator. The operator reserves the right to revoke this permission at any time and any use must cease immediately upon written notice from the operator.<\/p>\n<p>All names, terms, characters and graphics used herein may be trademarks or registered trademarks owned by their legal owners. The rights of all mentioned and used brand names and trademarks belong exclusively to their owners.<\/p>\n<p>All names, terms, references and charts used in here might be brand- or trademarks in position of their legal proprietary, who own all rights of these brand- or trademarks used here.<\/p>\n<p><strong>Notice pursuant to the German Teleservices Act<\/strong><\/p>\n<p>The respective providers are responsible for third-party websites to which this website refers by means of so-called links. The operator is not responsible for the content of such third-party sites. Furthermore, the website can be linked to from other sites by means of so-called links without our knowledge. The operator accepts no responsibility for representations, content or any connection to this website in the websites of third parties. The operator is only responsible for third-party content if he has positive knowledge of it (i.e. including illegal or criminal content) and it is technically possible and reasonable to prevent its use. However, according to the Teleservices Act, the operator is not obliged to constantly check the external content.<\/p>\n\n<p>\u00a0<\/p>\n\t\t\t\t\t\t\t\t<\/div>\n\t\t\t\t<\/div>\n\t\t\t\t<div class=\"elementor-element elementor-element-abba02a elementor-widget elementor-widget-spacer\" data-id=\"abba02a\" data-element_type=\"widget\" data-e-type=\"widget\" data-widget_type=\"spacer.default\">\n\t\t\t\t<div class=\"elementor-widget-container\">\n\t\t\t\t\t\t\t<div class=\"elementor-spacer\">\n\t\t\t<div class=\"elementor-spacer-inner\"><\/div>\n\t\t<\/div>\n\t\t\t\t\t\t<\/div>\n\t\t\t\t<\/div>\n\t\t\t\t<div class=\"elementor-element elementor-element-2ad3dc7 elementor-widget elementor-widget-spacer\" data-id=\"2ad3dc7\" data-element_type=\"widget\" data-e-type=\"widget\" data-widget_type=\"spacer.default\">\n\t\t\t\t<div class=\"elementor-widget-container\">\n\t\t\t\t\t\t\t<div class=\"elementor-spacer\">\n\t\t\t<div class=\"elementor-spacer-inner\"><\/div>\n\t\t<\/div>\n\t\t\t\t\t\t<\/div>\n\t\t\t\t<\/div>\n\t\t\t\t\t<\/div>\n\t\t<\/div>\n\t\t\t\t\t<\/div>\n\t\t<\/section>\n\t\t\t\t<\/div>\n\t\t","protected":false},"excerpt":{"rendered":"<p>\u00a0 Profinanz Capital Partners GmbHErika-K\u00f6th-Str. 5a85598 Munich Phone: +49 (0) 89 20 000 800Fax: +49 (0) 89 20 000 899Website: www.profinanz-capitalpartners.deE-Mail: info@profinanz-capitalpartners.de Manager: Joachim OfnerMunich Local Court \u2013 Commercial Register 212342 Registered Office:Erika-K\u00f6th-Str. 5a85598 BaldhamTax number: 114\/135\/41176 Bank Account: M\u00fcnchner Bank eGIBAN: DE08701900000002068338BIC: GENODEF1M01 Competent supervisory authority: IHK f\u00fcr M\u00fcnchen und OberbayernMax-Joseph-Stra\u00dfe 280333 M\u00fcnchen Copyright [&hellip;]<\/p>\n","protected":false},"author":1,"featured_media":0,"parent":0,"menu_order":0,"comment_status":"closed","ping_status":"closed","template":"elementor_theme","meta":{"footnotes":""},"class_list":["post-53","page","type-page","status-publish","hentry"],"_links":{"self":[{"href":"https:\/\/profinanz-capitalpartners.de\/en\/wp-json\/wp\/v2\/pages\/53","targetHints":{"allow":["GET"]}}],"collection":[{"href":"https:\/\/profinanz-capitalpartners.de\/en\/wp-json\/wp\/v2\/pages"}],"about":[{"href":"https:\/\/profinanz-capitalpartners.de\/en\/wp-json\/wp\/v2\/types\/page"}],"author":[{"embeddable":true,"href":"https:\/\/profinanz-capitalpartners.de\/en\/wp-json\/wp\/v2\/users\/1"}],"replies":[{"embeddable":true,"href":"https:\/\/profinanz-capitalpartners.de\/en\/wp-json\/wp\/v2\/comments?post=53"}],"version-history":[{"count":0,"href":"https:\/\/profinanz-capitalpartners.de\/en\/wp-json\/wp\/v2\/pages\/53\/revisions"}],"wp:attachment":[{"href":"https:\/\/profinanz-capitalpartners.de\/en\/wp-json\/wp\/v2\/media?parent=53"}],"curies":[{"name":"wp","href":"https:\/\/api.w.org\/{rel}","templated":true}]}}